{"id":3114,"date":"2023-08-14T05:56:00","date_gmt":"2023-08-14T05:56:00","guid":{"rendered":"https:\/\/chefromainavril.com\/?page_id=3114"},"modified":"2023-08-14T18:32:15","modified_gmt":"2023-08-14T18:32:15","slug":"the-vegan-bridge-cookbook","status":"publish","type":"page","link":"https:\/\/chefromainavril.com\/fr\/the-vegan-bridge-cookbook\/","title":{"rendered":"Le livre de cuisine Vegan Bridge"},"content":{"rendered":"<div data-elementor-type=\"wp-page\" data-elementor-id=\"3114\" class=\"elementor elementor-3114\">\n\t\t\t\t\t\t<section class=\"elementor-section elementor-top-section elementor-element elementor-element-d5d4761 elementor-section-height-min-height elementor-section-stretched elementor-section-boxed elementor-section-height-default elementor-section-items-middle\" data-id=\"d5d4761\" data-element_type=\"section\" data-e-type=\"section\" data-settings=\"{&quot;background_background&quot;:&quot;classic&quot;,&quot;stretch_section&quot;:&quot;section-stretched&quot;}\">\n\t\t\t\t\t\t\t<div class=\"elementor-background-overlay\"><\/div>\n\t\t\t\t\t\t\t<div class=\"elementor-container elementor-column-gap-default\">\n\t\t\t\t\t<div class=\"elementor-column elementor-col-50 elementor-top-column elementor-element elementor-element-40da191\" data-id=\"40da191\" data-element_type=\"column\" data-e-type=\"column\">\n\t\t\t<div class=\"elementor-widget-wrap elementor-element-populated\">\n\t\t\t\t\t\t<div class=\"elementor-element elementor-element-13058ec elementor-widget elementor-widget-heading\" data-id=\"13058ec\" data-element_type=\"widget\" data-e-type=\"widget\" data-widget_type=\"heading.default\">\n\t\t\t\t<div class=\"elementor-widget-container\">\n\t\t\t\t\t<h2 class=\"elementor-heading-title elementor-size-default\">LE PONT VEGAN<\/h2>\t\t\t\t<\/div>\n\t\t\t\t<\/div>\n\t\t\t\t<div class=\"elementor-element elementor-element-2060fa5 elementor-widget elementor-widget-heading\" data-id=\"2060fa5\" data-element_type=\"widget\" data-e-type=\"widget\" data-widget_type=\"heading.default\">\n\t\t\t\t<div class=\"elementor-widget-container\">\n\t\t\t\t\t<h2 class=\"elementor-heading-title elementor-size-default\">Pour les mangeurs de viande qui cherchent \u00e0 incorporer des options v\u00e9g\u00e9taliennes dans leur r\u00e9pertoire. Pour le cuisinier amateur qui essaie de d\u00e9velopper de nouvelles techniques innovantes. Pour tous ceux qui veulent impressionner avec des recettes audacieuses, savoureuses et totalement uniques, les chefs form\u00e9s en France Romain Avril et Richelle Tablang vous souhaitent la bienvenue au Vegan Bridge. Des accompagnements simples qui ajoutent une touche v\u00e9g\u00e9tale \u00e0 un plat flexible, aux plats principaux et aux desserts qui s\u00e9duiront les v\u00e9g\u00e9taliens et les omnivores, Romain et Richelle d\u00e9montrent comment incorporer des repas v\u00e9g\u00e9taliens dans la vie quotidienne peut \u00eatre fait facilement, sans sacrifier le go\u00fbt ou la pr\u00e9sentation.<\/h2>\t\t\t\t<\/div>\n\t\t\t\t<\/div>\n\t\t\t\t<div class=\"elementor-element elementor-element-b96297a elementor-widget elementor-widget-button\" data-id=\"b96297a\" data-element_type=\"widget\" data-e-type=\"widget\" data-widget_type=\"button.default\">\n\t\t\t\t<div class=\"elementor-widget-container\">\n\t\t\t\t\t\t\t\t\t<div class=\"elementor-button-wrapper\">\n\t\t\t\t\t<a class=\"elementor-button elementor-button-link elementor-size-lg elementor-animation-grow\" href=\"https:\/\/www.amazon.ca\/Vegan-Bridge-Romain-Avril\/dp\/1770503595\">\n\t\t\t\t\t\t<span class=\"elementor-button-content-wrapper\">\n\t\t\t\t\t\t\t\t\t<span class=\"elementor-button-text\">COMMANDEZ MAINTENANT<\/span>\n\t\t\t\t\t<\/span>\n\t\t\t\t\t<\/a>\n\t\t\t\t<\/div>\n\t\t\t\t\t\t\t\t<\/div>\n\t\t\t\t<\/div>\n\t\t\t\t\t<\/div>\n\t\t<\/div>\n\t\t\t\t<div class=\"elementor-column elementor-col-50 elementor-top-column elementor-element elementor-element-d9fe53a\" data-id=\"d9fe53a\" data-element_type=\"column\" data-e-type=\"column\">\n\t\t\t<div class=\"elementor-widget-wrap\">\n\t\t\t\t\t\t\t<\/div>\n\t\t<\/div>\n\t\t\t\t\t<\/div>\n\t\t<\/section>\n\t\t\t\t<\/div>","protected":false},"excerpt":{"rendered":"<p>THE VEGAN BRIDGE For the meat-eater looking to incorporate vegan options into their repertoire. For the home cook trying to develop innovative new techniques. For the anyone who wants to impress with recipes that are bold, flavourful, and totally unique &#8211; French-trained chefs Romain Avril and Richelle Tablang want to welcome you to the Vegan [&hellip;]<\/p>\n","protected":false},"author":1,"featured_media":0,"parent":0,"menu_order":0,"comment_status":"closed","ping_status":"closed","template":"","meta":{"om_disable_all_campaigns":false,"wprm-recipe-roundup-name":"","wprm-recipe-roundup-description":"","_monsterinsights_skip_tracking":false,"_monsterinsights_sitenote_active":false,"_monsterinsights_sitenote_note":"","_monsterinsights_sitenote_category":0,"_uf_show_specific_survey":0,"_uf_disable_surveys":false,"ocean_post_layout":"","ocean_both_sidebars_style":"","ocean_both_sidebars_content_width":0,"ocean_both_sidebars_sidebars_width":0,"ocean_sidebar":"0","ocean_second_sidebar":"0","ocean_disable_margins":"enable","ocean_add_body_class":"","ocean_shortcode_before_top_bar":"","ocean_shortcode_after_top_bar":"","ocean_shortcode_before_header":"","ocean_shortcode_after_header":"","ocean_has_shortcode":"","ocean_shortcode_after_title":"","ocean_shortcode_before_footer_widgets":"","ocean_shortcode_after_footer_widgets":"","ocean_shortcode_before_footer_bottom":"","ocean_shortcode_after_footer_bottom":"","ocean_display_top_bar":"default","ocean_display_header":"default","ocean_header_style":"","ocean_center_header_left_menu":"0","ocean_custom_header_template":"0","ocean_custom_logo":0,"ocean_custom_retina_logo":0,"ocean_custom_logo_max_width":0,"ocean_custom_logo_tablet_max_width":0,"ocean_custom_logo_mobile_max_width":0,"ocean_custom_logo_max_height":0,"ocean_custom_logo_tablet_max_height":0,"ocean_custom_logo_mobile_max_height":0,"ocean_header_custom_menu":"0","ocean_menu_typo_font_family":"0","ocean_menu_typo_font_subset":"","ocean_menu_typo_font_size":0,"ocean_menu_typo_font_size_tablet":0,"ocean_menu_typo_font_size_mobile":0,"ocean_menu_typo_font_size_unit":"px","ocean_menu_typo_font_weight":"","ocean_menu_typo_font_weight_tablet":"","ocean_menu_typo_font_weight_mobile":"","ocean_menu_typo_transform":"","ocean_menu_typo_transform_tablet":"","ocean_menu_typo_transform_mobile":"","ocean_menu_typo_line_height":0,"ocean_menu_typo_line_height_tablet":0,"ocean_menu_typo_line_height_mobile":0,"ocean_menu_typo_line_height_unit":"","ocean_menu_typo_spacing":0,"ocean_menu_typo_spacing_tablet":0,"ocean_menu_typo_spacing_mobile":0,"ocean_menu_typo_spacing_unit":"","ocean_menu_link_color":"","ocean_menu_link_color_hover":"","ocean_menu_link_color_active":"","ocean_menu_link_background":"","ocean_menu_link_hover_background":"","ocean_menu_link_active_background":"","ocean_menu_social_links_bg":"","ocean_menu_social_hover_links_bg":"","ocean_menu_social_links_color":"","ocean_menu_social_hover_links_color":"","ocean_disable_title":"default","ocean_disable_heading":"default","ocean_post_title":"","ocean_post_subheading":"","ocean_post_title_style":"","ocean_post_title_background_color":"","ocean_post_title_background":0,"ocean_post_title_bg_image_position":"","ocean_post_title_bg_image_attachment":"","ocean_post_title_bg_image_repeat":"","ocean_post_title_bg_image_size":"","ocean_post_title_height":0,"ocean_post_title_bg_overlay":0.5,"ocean_post_title_bg_overlay_color":"","ocean_disable_breadcrumbs":"default","ocean_breadcrumbs_color":"","ocean_breadcrumbs_separator_color":"","ocean_breadcrumbs_links_color":"","ocean_breadcrumbs_links_hover_color":"","ocean_display_footer_widgets":"default","ocean_display_footer_bottom":"default","ocean_custom_footer_template":"0","footnotes":""},"class_list":["post-3114","page","type-page","status-publish","hentry","entry","owp-thumbs-layout-horizontal","owp-btn-normal","owp-tabs-layout-horizontal","has-no-thumbnails","has-product-nav"],"yoast_head":"<!-- This site is optimized with the Yoast SEO plugin v27.4 - https:\/\/yoast.com\/product\/yoast-seo-wordpress\/ -->\n<title>The Vegan Bridge Cookbook - Chef Romain Avril<\/title>\n<meta name=\"robots\" content=\"index, follow, max-snippet:-1, max-image-preview:large, max-video-preview:-1\" \/>\n<link rel=\"canonical\" href=\"https:\/\/chefromainavril.com\/fr\/the-vegan-bridge-cookbook\/\" \/>\n<meta property=\"og:locale\" content=\"fr_FR\" \/>\n<meta property=\"og:type\" content=\"article\" \/>\n<meta property=\"og:title\" content=\"The Vegan Bridge Cookbook - Chef Romain Avril\" \/>\n<meta property=\"og:description\" content=\"THE VEGAN BRIDGE For the meat-eater looking to incorporate vegan options into their repertoire. For the home cook trying to develop innovative new techniques. For the anyone who wants to impress with recipes that are bold, flavourful, and totally unique &#8211; French-trained chefs Romain Avril and Richelle Tablang want to welcome you to the Vegan [&hellip;]\" \/>\n<meta property=\"og:url\" content=\"https:\/\/chefromainavril.com\/fr\/the-vegan-bridge-cookbook\/\" \/>\n<meta property=\"og:site_name\" content=\"Chef Romain Avril\" \/>\n<meta property=\"article:modified_time\" content=\"2023-08-14T18:32:15+00:00\" \/>\n<meta name=\"twitter:card\" content=\"summary_large_image\" \/>\n<meta name=\"twitter:label1\" content=\"Dur\u00e9e de lecture estim\u00e9e\" \/>\n\t<meta name=\"twitter:data1\" content=\"1 minute\" \/>\n<script type=\"application\/ld+json\" class=\"yoast-schema-graph\">{\"@context\":\"https:\\\/\\\/schema.org\",\"@graph\":[{\"@type\":[\"Article\",\"BlogPosting\"],\"@id\":\"https:\\\/\\\/chefromainavril.com\\\/the-vegan-bridge-cookbook\\\/#article\",\"isPartOf\":{\"@id\":\"https:\\\/\\\/chefromainavril.com\\\/the-vegan-bridge-cookbook\\\/\"},\"author\":{\"name\":\"Chef Romain\",\"@id\":\"https:\\\/\\\/chefromainavril.com\\\/#\\\/schema\\\/person\\\/333f9723decc685673405097840867a1\"},\"headline\":\"The Vegan Bridge Cookbook\",\"datePublished\":\"2023-08-14T05:56:00+00:00\",\"dateModified\":\"2023-08-14T18:32:15+00:00\",\"mainEntityOfPage\":{\"@id\":\"https:\\\/\\\/chefromainavril.com\\\/the-vegan-bridge-cookbook\\\/\"},\"wordCount\":107,\"publisher\":{\"@id\":\"https:\\\/\\\/chefromainavril.com\\\/#\\\/schema\\\/person\\\/333f9723decc685673405097840867a1\"},\"inLanguage\":\"fr-FR\"},{\"@type\":\"WebPage\",\"@id\":\"https:\\\/\\\/chefromainavril.com\\\/the-vegan-bridge-cookbook\\\/\",\"url\":\"https:\\\/\\\/chefromainavril.com\\\/the-vegan-bridge-cookbook\\\/\",\"name\":\"The Vegan Bridge Cookbook - Chef Romain Avril\",\"isPartOf\":{\"@id\":\"https:\\\/\\\/chefromainavril.com\\\/#website\"},\"datePublished\":\"2023-08-14T05:56:00+00:00\",\"dateModified\":\"2023-08-14T18:32:15+00:00\",\"breadcrumb\":{\"@id\":\"https:\\\/\\\/chefromainavril.com\\\/the-vegan-bridge-cookbook\\\/#breadcrumb\"},\"inLanguage\":\"fr-FR\",\"potentialAction\":[{\"@type\":\"ReadAction\",\"target\":[\"https:\\\/\\\/chefromainavril.com\\\/the-vegan-bridge-cookbook\\\/\"]}]},{\"@type\":\"BreadcrumbList\",\"@id\":\"https:\\\/\\\/chefromainavril.com\\\/the-vegan-bridge-cookbook\\\/#breadcrumb\",\"itemListElement\":[{\"@type\":\"ListItem\",\"position\":1,\"name\":\"Home\",\"item\":\"https:\\\/\\\/chefromainavril.com\\\/\"},{\"@type\":\"ListItem\",\"position\":2,\"name\":\"The Vegan Bridge Cookbook\"}]},{\"@type\":\"WebSite\",\"@id\":\"https:\\\/\\\/chefromainavril.com\\\/#website\",\"url\":\"https:\\\/\\\/chefromainavril.com\\\/\",\"name\":\"Chef Romain Avril\",\"description\":\"\",\"publisher\":{\"@id\":\"https:\\\/\\\/chefromainavril.com\\\/#\\\/schema\\\/person\\\/333f9723decc685673405097840867a1\"},\"potentialAction\":[{\"@type\":\"SearchAction\",\"target\":{\"@type\":\"EntryPoint\",\"urlTemplate\":\"https:\\\/\\\/chefromainavril.com\\\/?s={search_term_string}\"},\"query-input\":{\"@type\":\"PropertyValueSpecification\",\"valueRequired\":true,\"valueName\":\"search_term_string\"}}],\"inLanguage\":\"fr-FR\"},{\"@type\":[\"Person\",\"Organization\"],\"@id\":\"https:\\\/\\\/chefromainavril.com\\\/#\\\/schema\\\/person\\\/333f9723decc685673405097840867a1\",\"name\":\"Chef Romain\",\"image\":{\"@type\":\"ImageObject\",\"inLanguage\":\"fr-FR\",\"@id\":\"https:\\\/\\\/i0.wp.com\\\/chefromainavril.com\\\/wp-content\\\/uploads\\\/2020\\\/10\\\/cropped-RomainAvril-Monogram-WHITE.png?fit=1000%2C1000&ssl=1\",\"url\":\"https:\\\/\\\/i0.wp.com\\\/chefromainavril.com\\\/wp-content\\\/uploads\\\/2020\\\/10\\\/cropped-RomainAvril-Monogram-WHITE.png?fit=1000%2C1000&ssl=1\",\"contentUrl\":\"https:\\\/\\\/i0.wp.com\\\/chefromainavril.com\\\/wp-content\\\/uploads\\\/2020\\\/10\\\/cropped-RomainAvril-Monogram-WHITE.png?fit=1000%2C1000&ssl=1\",\"width\":1000,\"height\":1000,\"caption\":\"Chef Romain\"},\"logo\":{\"@id\":\"https:\\\/\\\/i0.wp.com\\\/chefromainavril.com\\\/wp-content\\\/uploads\\\/2020\\\/10\\\/cropped-RomainAvril-Monogram-WHITE.png?fit=1000%2C1000&ssl=1\"},\"sameAs\":[\"https:\\\/\\\/chefromainavril.com\"],\"url\":\"https:\\\/\\\/chefromainavril.com\\\/fr\\\/author\\\/admin\\\/\"}]}<\/script>\n<!-- \/ Yoast SEO plugin. -->","yoast_head_json":{"title":"The Vegan Bridge Cookbook - Chef Romain Avril","robots":{"index":"index","follow":"follow","max-snippet":"max-snippet:-1","max-image-preview":"max-image-preview:large","max-video-preview":"max-video-preview:-1"},"canonical":"https:\/\/chefromainavril.com\/fr\/the-vegan-bridge-cookbook\/","og_locale":"fr_FR","og_type":"article","og_title":"The Vegan Bridge Cookbook - Chef Romain Avril","og_description":"THE VEGAN BRIDGE For the meat-eater looking to incorporate vegan options into their repertoire. For the home cook trying to develop innovative new techniques. For the anyone who wants to impress with recipes that are bold, flavourful, and totally unique &#8211; French-trained chefs Romain Avril and Richelle Tablang want to welcome you to the Vegan [&hellip;]","og_url":"https:\/\/chefromainavril.com\/fr\/the-vegan-bridge-cookbook\/","og_site_name":"Chef Romain Avril","article_modified_time":"2023-08-14T18:32:15+00:00","twitter_card":"summary_large_image","twitter_misc":{"Dur\u00e9e de lecture estim\u00e9e":"1 minute"},"schema":{"@context":"https:\/\/schema.org","@graph":[{"@type":["Article","BlogPosting"],"@id":"https:\/\/chefromainavril.com\/the-vegan-bridge-cookbook\/#article","isPartOf":{"@id":"https:\/\/chefromainavril.com\/the-vegan-bridge-cookbook\/"},"author":{"name":"Chef Romain","@id":"https:\/\/chefromainavril.com\/#\/schema\/person\/333f9723decc685673405097840867a1"},"headline":"The Vegan Bridge Cookbook","datePublished":"2023-08-14T05:56:00+00:00","dateModified":"2023-08-14T18:32:15+00:00","mainEntityOfPage":{"@id":"https:\/\/chefromainavril.com\/the-vegan-bridge-cookbook\/"},"wordCount":107,"publisher":{"@id":"https:\/\/chefromainavril.com\/#\/schema\/person\/333f9723decc685673405097840867a1"},"inLanguage":"fr-FR"},{"@type":"WebPage","@id":"https:\/\/chefromainavril.com\/the-vegan-bridge-cookbook\/","url":"https:\/\/chefromainavril.com\/the-vegan-bridge-cookbook\/","name":"The Vegan Bridge Cookbook - Chef Romain Avril","isPartOf":{"@id":"https:\/\/chefromainavril.com\/#website"},"datePublished":"2023-08-14T05:56:00+00:00","dateModified":"2023-08-14T18:32:15+00:00","breadcrumb":{"@id":"https:\/\/chefromainavril.com\/the-vegan-bridge-cookbook\/#breadcrumb"},"inLanguage":"fr-FR","potentialAction":[{"@type":"ReadAction","target":["https:\/\/chefromainavril.com\/the-vegan-bridge-cookbook\/"]}]},{"@type":"BreadcrumbList","@id":"https:\/\/chefromainavril.com\/the-vegan-bridge-cookbook\/#breadcrumb","itemListElement":[{"@type":"ListItem","position":1,"name":"Home","item":"https:\/\/chefromainavril.com\/"},{"@type":"ListItem","position":2,"name":"The Vegan Bridge Cookbook"}]},{"@type":"WebSite","@id":"https:\/\/chefromainavril.com\/#website","url":"https:\/\/chefromainavril.com\/","name":"Chef Romain Avril","description":"","publisher":{"@id":"https:\/\/chefromainavril.com\/#\/schema\/person\/333f9723decc685673405097840867a1"},"potentialAction":[{"@type":"SearchAction","target":{"@type":"EntryPoint","urlTemplate":"https:\/\/chefromainavril.com\/?s={search_term_string}"},"query-input":{"@type":"PropertyValueSpecification","valueRequired":true,"valueName":"search_term_string"}}],"inLanguage":"fr-FR"},{"@type":["Person","Organization"],"@id":"https:\/\/chefromainavril.com\/#\/schema\/person\/333f9723decc685673405097840867a1","name":"Chef romain","image":{"@type":"ImageObject","inLanguage":"fr-FR","@id":"https:\/\/i0.wp.com\/chefromainavril.com\/wp-content\/uploads\/2020\/10\/cropped-RomainAvril-Monogram-WHITE.png?fit=1000%2C1000&ssl=1","url":"https:\/\/i0.wp.com\/chefromainavril.com\/wp-content\/uploads\/2020\/10\/cropped-RomainAvril-Monogram-WHITE.png?fit=1000%2C1000&ssl=1","contentUrl":"https:\/\/i0.wp.com\/chefromainavril.com\/wp-content\/uploads\/2020\/10\/cropped-RomainAvril-Monogram-WHITE.png?fit=1000%2C1000&ssl=1","width":1000,"height":1000,"caption":"Chef Romain"},"logo":{"@id":"https:\/\/i0.wp.com\/chefromainavril.com\/wp-content\/uploads\/2020\/10\/cropped-RomainAvril-Monogram-WHITE.png?fit=1000%2C1000&ssl=1"},"sameAs":["https:\/\/chefromainavril.com"],"url":"https:\/\/chefromainavril.com\/fr\/author\/admin\/"}]}},"jetpack_sharing_enabled":true,"_links":{"self":[{"href":"https:\/\/chefromainavril.com\/fr\/wp-json\/wp\/v2\/pages\/3114","targetHints":{"allow":["GET"]}}],"collection":[{"href":"https:\/\/chefromainavril.com\/fr\/wp-json\/wp\/v2\/pages"}],"about":[{"href":"https:\/\/chefromainavril.com\/fr\/wp-json\/wp\/v2\/types\/page"}],"author":[{"embeddable":true,"href":"https:\/\/chefromainavril.com\/fr\/wp-json\/wp\/v2\/users\/1"}],"replies":[{"embeddable":true,"href":"https:\/\/chefromainavril.com\/fr\/wp-json\/wp\/v2\/comments?post=3114"}],"version-history":[{"count":31,"href":"https:\/\/chefromainavril.com\/fr\/wp-json\/wp\/v2\/pages\/3114\/revisions"}],"predecessor-version":[{"id":3347,"href":"https:\/\/chefromainavril.com\/fr\/wp-json\/wp\/v2\/pages\/3114\/revisions\/3347"}],"wp:attachment":[{"href":"https:\/\/chefromainavril.com\/fr\/wp-json\/wp\/v2\/media?parent=3114"}],"curies":[{"name":"wp","href":"https:\/\/api.w.org\/{rel}","templated":true}]}}